{"id":6277,"date":"2024-03-04T08:49:30","date_gmt":"2024-03-04T08:49:30","guid":{"rendered":"https:\/\/zeugma.org.tr\/?page_id=6277"},"modified":"2024-03-04T08:50:10","modified_gmt":"2024-03-04T08:50:10","slug":"kullanim-kosullari","status":"publish","type":"page","link":"https:\/\/zeugma.org.tr\/en-gb\/kullanim-kosullari\/","title":{"rendered":"Terms of Use"},"content":{"rendered":"<div data-elementor-type=\"wp-post\" data-elementor-id=\"6277\" class=\"elementor elementor-6277\" data-elementor-post-type=\"page\">\n\t\t\t\t\t\t<section class=\"elementor-section elementor-top-section elementor-element elementor-element-3c8fb23b elementor-section-boxed elementor-section-height-default elementor-section-height-default\" data-id=\"3c8fb23b\" data-element_type=\"section\" data-settings=\"{&quot;background_background&quot;:&quot;classic&quot;,&quot;_ha_eqh_enable&quot;:false}\">\n\t\t\t\t\t\t<div class=\"elementor-container elementor-column-gap-extended\">\n\t\t\t\t\t<div class=\"elementor-column elementor-col-100 elementor-top-column elementor-element elementor-element-a181a55 sc_inner_width_none sc_content_align_inherit sc_layouts_column_icons_position_left\" data-id=\"a181a55\" data-element_type=\"column\">\n\t\t\t<div class=\"elementor-widget-wrap elementor-element-populated\">\n\t\t\t\t\t\t<div class=\"elementor-element elementor-element-54b51e3f animation_type_block sc_fly_static elementor-widget elementor-widget-text-editor\" data-id=\"54b51e3f\" data-element_type=\"widget\" data-widget_type=\"text-editor.default\">\n\t\t\t\t<div class=\"elementor-widget-container\">\n\t\t\t\t\t\t\t<ol><li><p>Site Usage:<\/p><ul><li>By using the Zeugma Information Site, you accept the following terms of use.<\/li><li>All content on our site is presented for informational purposes only. No liability arising from the use of these contents is accepted.<\/li><\/ul><\/li><li><p>Copyright:<\/p><ul><li>All content (text, images, video, etc.) on our site belongs to Zeugma and is protected by copyright. Copying or using without permission is prohibited.<\/li><\/ul><\/li><li><p>Right to Change:<\/p><ul><li>Zeugma Information Site reserves the right to change this privacy policy and terms of use at any time. Changes come into force as soon as they are published on our site.<\/li><\/ul><\/li><\/ol><p>This privacy policy and terms of use regulate the rights and responsibilities regarding the use of the Zeugma Information Site. By using our site you accept these terms.<\/p>\t\t\t\t\t\t<\/div>\n\t\t\t\t<\/div>\n\t\t\t\t\t<\/div>\n\t\t<\/div>\n\t\t\t\t\t<\/div>\n\t\t<\/section>\n\t\t\t\t<\/div>","protected":false},"excerpt":{"rendered":"<p>Site Kullan\u0131m\u0131: Zeugma Bilgilendirme Sitesi&#8217;ni kullanarak, a\u015fa\u011f\u0131daki kullan\u0131m \u015fartlar\u0131n\u0131 kabul etmi\u015f olursunuz. Sitemizdeki t\u00fcm i\u00e7erikler, sadece bilgilendirme amac\u0131yla sunulmu\u015ftur. Bu i\u00e7eriklerin kullan\u0131m\u0131ndan kaynaklanan herhangi bir sorumluluk kabul edilmez. Telif Hakk\u0131: Sitemizde yer alan her t\u00fcrl\u00fc i\u00e7erik (metin, g\u00f6rsel, video vb.), Zeugma&#8217;ya aittir ve telif haklar\u0131&hellip;<\/p>","protected":false},"author":1,"featured_media":0,"parent":0,"menu_order":0,"comment_status":"closed","ping_status":"closed","template":"","meta":{"footnotes":""},"_links":{"self":[{"href":"https:\/\/zeugma.org.tr\/en-gb\/wp-json\/wp\/v2\/pages\/6277"}],"collection":[{"href":"https:\/\/zeugma.org.tr\/en-gb\/wp-json\/wp\/v2\/pages"}],"about":[{"href":"https:\/\/zeugma.org.tr\/en-gb\/wp-json\/wp\/v2\/types\/page"}],"author":[{"embeddable":true,"href":"https:\/\/zeugma.org.tr\/en-gb\/wp-json\/wp\/v2\/users\/1"}],"replies":[{"embeddable":true,"href":"https:\/\/zeugma.org.tr\/en-gb\/wp-json\/wp\/v2\/comments?post=6277"}],"version-history":[{"count":0,"href":"https:\/\/zeugma.org.tr\/en-gb\/wp-json\/wp\/v2\/pages\/6277\/revisions"}],"wp:attachment":[{"href":"https:\/\/zeugma.org.tr\/en-gb\/wp-json\/wp\/v2\/media?parent=6277"}],"curies":[{"name":"wp","href":"https:\/\/api.w.org\/{rel}","templated":true}]}}